{"id":2,"date":"2014-04-10T12:58:30","date_gmt":"2014-04-10T12:58:30","guid":{"rendered":"http:\/\/wp12095842.server-he.de\/wordpress\/?page_id=2"},"modified":"2024-12-16T14:34:28","modified_gmt":"2024-12-16T12:34:28","slug":"beispiel-seite","status":"publish","type":"page","link":"https:\/\/s0.buergermeister-in-nieheim.de\/?page_id=2","title":{"rendered":"Einleitung"},"content":{"rendered":"\n<h1 class=\"wp-block-heading\">Die Voraussetzungen sind trotz der widrigen \u201e\u00e4u\u00dferen Umst\u00e4nde\u201c hervorragend \u2026<\/h1>\n\n\n\n<ul class=\"wp-block-list\">\n<li>Die Arbeit als B\u00fcrgermeister macht mir gro\u00dfen Spa\u00df. Das Amt ist sehr anspruchsvoll und bietet eine abwechslungsreiche Aufgabenf\u00fclle. Es ist mir eine gro\u00dfe Ehre, dieses Amt f\u00fcr Nieheim bekleiden zu d\u00fcrfen.<\/li>\n<\/ul>\n\n\n\n<ul class=\"wp-block-list\">\n<li>Die Kolleginnen und Kollegen im Rathaus leisten durchweg sehr, hervorragende Arbeit. Die F\u00fchrungspositionen sind mit Frau Elsner (Leiterin Ordnungsdienste \/ B\u00fcrgerservice), Herrn Becker (1. Allgemeiner Vertreter, K\u00e4mmerer) und Herrn Br\u00f6ker (Leiter Bauamt) mit fachlich \u00fcberaus versierten Personen besetzt. Auf diese leitenden Mitarbeiterinnen und Mitarbeiter kann eine kleine Stadt wie Nieheim stolz sein.<\/li>\n\n\n\n<li>In der Kl\u00e4ranlage, im Wasserwerk, im Bauhof sowie im Schwimmbad sind wir ebenfalls mit fachlich sehr versierten Mitarbeitern ausgestattet, die mit Herz und Seele und v.a. viel Idealismus bei der Sache sind.<\/li>\n<\/ul>\n\n\n\n<ul class=\"wp-block-list\">\n<li>Die KiTas werden exzellent geleitet, die Erzieherinnen und Erzieher setzen sich vollumf\u00e4nglich f\u00fcr das Wohl der betreuten Kinder ein.<\/li>\n<\/ul>\n\n\n\n<ul class=\"wp-block-list\">\n<li>Unsere Mitarbeiterinnen und Mitarbeiter in den Schulen unterst\u00fctzen die Lehrerschaft an allen Ecken und Enden und k\u00fcmmern sich vorbildlich um die Sch\u00fclerinnen und Sch\u00fcler (Sekretariat) sowie auch die Infrastruktur (Reinigungspersonal, Hausmeister).<\/li>\n<\/ul>\n\n\n\n<ul class=\"wp-block-list\">\n<li>Ich bin sicher, dass die kommenden Jahre nicht leichter werden \u2013 Bund und Land werden den St\u00e4dten und Gemeinden mit einer gewissen Wahrscheinlichkeit immer weniger Geld zur Verf\u00fcgung stellen. Die Herausforderungen werden gr\u00f6\u00dfer \u2013 aber ich bin genauso sicher, dass wir auch schwierige Situationen mit dem vorhandenen Team ausgezeichnet meistern werden.\u00a0<\/li>\n<\/ul>\n","protected":false},"excerpt":{"rendered":"<p class=\"qua-blog-post-description\">Die Voraussetzungen sind trotz der widrigen \u201e\u00e4u\u00dferen Umst\u00e4nde\u201c hervorragend \u2026<\/p>\n","protected":false},"author":1,"featured_media":0,"parent":0,"menu_order":0,"comment_status":"open","ping_status":"open","template":"","meta":{"footnotes":""},"class_list":["post-2","page","type-page","status-publish","hentry"],"_links":{"self":[{"href":"https:\/\/s0.buergermeister-in-nieheim.de\/index.php?rest_route=\/wp\/v2\/pages\/2","targetHints":{"allow":["GET"]}}],"collection":[{"href":"https:\/\/s0.buergermeister-in-nieheim.de\/index.php?rest_route=\/wp\/v2\/pages"}],"about":[{"href":"https:\/\/s0.buergermeister-in-nieheim.de\/index.php?rest_route=\/wp\/v2\/types\/page"}],"author":[{"embeddable":true,"href":"https:\/\/s0.buergermeister-in-nieheim.de\/index.php?rest_route=\/wp\/v2\/users\/1"}],"replies":[{"embeddable":true,"href":"https:\/\/s0.buergermeister-in-nieheim.de\/index.php?rest_route=%2Fwp%2Fv2%2Fcomments&post=2"}],"version-history":[{"count":4,"href":"https:\/\/s0.buergermeister-in-nieheim.de\/index.php?rest_route=\/wp\/v2\/pages\/2\/revisions"}],"predecessor-version":[{"id":101,"href":"https:\/\/s0.buergermeister-in-nieheim.de\/index.php?rest_route=\/wp\/v2\/pages\/2\/revisions\/101"}],"wp:attachment":[{"href":"https:\/\/s0.buergermeister-in-nieheim.de\/index.php?rest_route=%2Fwp%2Fv2%2Fmedia&parent=2"}],"curies":[{"name":"wp","href":"https:\/\/api.w.org\/{rel}","templated":true}]}}